{"id":128,"date":"2025-11-29T22:57:28","date_gmt":"2025-11-29T20:57:28","guid":{"rendered":"https:\/\/www.all-inclusive.ovh\/?page_id=128"},"modified":"2026-02-11T14:28:22","modified_gmt":"2026-02-11T12:28:22","slug":"page-daccueil-des-projets-sur-le-site","status":"publish","type":"page","link":"https:\/\/www.all-inclusive.ovh\/?page_id=128","title":{"rendered":"\u00e0 propos des projets sur le site."},"content":{"rendered":"\n<p>Sur cette page vous retrouvez les liens, des divers projets h\u00e9berg\u00e9s directement sur le site.<\/p>\n\n\n\n<h2 class=\"wp-block-heading\">\ud83d\udee0\ufe0f \u00c0 propos de ces outils<\/h2>\n\n\n\n<p>Les ressources et outils partag\u00e9s sur ce site sont d\u00e9velopp\u00e9s dans une d\u00e9marche de <strong>bien commun<\/strong> et de partage de connaissances. Mon objectif est de fournir des solutions utiles, de mani\u00e8re totalement <strong>gratuite et non commerciale<\/strong>.<\/p>\n\n\n\n<h3 class=\"wp-block-heading\">Clause de non-responsabilit\u00e9<\/h3>\n\n\n\n<p>Parce qu&rsquo;il est important de prot\u00e9ger ce projet b\u00e9n\u00e9vole, merci de noter les points suivants avant toute utilisation :<\/p>\n\n\n\n<ul class=\"wp-block-list\">\n<li><strong>Fourni \u00ab\u00a0en l&rsquo;\u00e9tat\u00a0\u00bb :<\/strong> Ces outils sont mis \u00e0 disposition \u00ab tels quels \u00bb (<em>as is<\/em>), sans aucune garantie de fonctionnement ininterrompu, d&rsquo;absence d&rsquo;erreurs ou d&rsquo;ad\u00e9quation \u00e0 un usage particulier.<\/li>\n\n\n\n<li><strong>Responsabilit\u00e9 de l&rsquo;utilisateur :<\/strong> En choisissant d&rsquo;utiliser ces outils, vous assumez l&rsquo;enti\u00e8re responsabilit\u00e9 des r\u00e9sultats obtenus. Je ne pourrai, en aucun cas, \u00eatre tenu responsable des dommages directs ou indirects (perte de donn\u00e9es, bugs informatiques, cons\u00e9quences financi\u00e8res, etc.) d\u00e9coulant de leur utilisation.<\/li>\n\n\n\n<li><strong>Usage \u00e9thique et l\u00e9gal :<\/strong> Ces outils sont destin\u00e9s \u00e0 un usage bienveillant. Je d\u00e9cline toute responsabilit\u00e9 en cas de <strong>m\u00e9susage<\/strong>, d&rsquo;utilisation malveillante ou de d\u00e9tournement de ces outils \u00e0 des fins contraires aux lois en vigueur.<\/li>\n<\/ul>\n\n\n\n<p>En r\u00e9sum\u00e9: je code avec le c\u0153ur pour aider la communaut\u00e9, mais vous restez le seul pilote aux commandes de la machine!<\/p>\n\n\n\n<h2 class=\"wp-block-heading\">Concr\u00e8tement:<\/h2>\n\n\n\n<p>Les projets h\u00e9berg\u00e9s en ligne (sur le site via le nom de domaine ***all-inclusive.ovh) sont en lignes et n&rsquo;interagissent pas avec votre ordinateur. Les seuls fichiers qui interagissent directement avec le contenu de votre machines sont les <strong>.exe<\/strong> pour le moment <strong>All-Inclusive Arborescence Maker<\/strong>. Celui-ci est un ex\u00e9cutable, il est distribu\u00e9 sans signature d&rsquo;\u00e9diteur certifi\u00e9 par Microsoft, pour la simple et bonne raison que cette certification coute 300\u20ac. Lorsque vous t\u00e9l\u00e9chargerez celui-ci, vous aurez au moment ou vous souhaiterez l&rsquo;ex\u00e9cuter le message ci dessous:<\/p>\n\n\n\n<div class=\"wp-block-columns is-layout-flex wp-container-core-columns-is-layout-9d6595d7 wp-block-columns-is-layout-flex\">\n<div class=\"wp-block-column is-layout-flow wp-block-column-is-layout-flow\">\n<figure class=\"wp-block-image size-full is-resized\"><img loading=\"lazy\" decoding=\"async\" width=\"535\" height=\"500\" src=\"https:\/\/www.all-inclusive.ovh\/wp-content\/uploads\/2026\/02\/image_20.png\" alt=\"\" class=\"wp-image-211\" style=\"aspect-ratio:1.0700215196159577;width:305px;height:auto\" srcset=\"https:\/\/www.all-inclusive.ovh\/wp-content\/uploads\/2026\/02\/image_20.png 535w, https:\/\/www.all-inclusive.ovh\/wp-content\/uploads\/2026\/02\/image_20-300x280.png 300w\" sizes=\"auto, (max-width: 535px) 100vw, 535px\" \/><figcaption class=\"wp-element-caption\">Cliquez sur informations compl\u00e9mentaires<\/figcaption><\/figure>\n<\/div>\n\n\n\n<div class=\"wp-block-column is-layout-flow wp-block-column-is-layout-flow\">\n<figure class=\"wp-block-image size-full is-resized\"><img loading=\"lazy\" decoding=\"async\" width=\"532\" height=\"497\" src=\"https:\/\/www.all-inclusive.ovh\/wp-content\/uploads\/2026\/02\/image_19.png\" alt=\"\" class=\"wp-image-210\" style=\"aspect-ratio:1.0704645193342717;width:304px;height:auto\" srcset=\"https:\/\/www.all-inclusive.ovh\/wp-content\/uploads\/2026\/02\/image_19.png 532w, https:\/\/www.all-inclusive.ovh\/wp-content\/uploads\/2026\/02\/image_19-300x280.png 300w\" sizes=\"auto, (max-width: 532px) 100vw, 532px\" \/><figcaption class=\"wp-element-caption\">Pour le message \u00e9diteur inconnu, c&rsquo;est moi<\/figcaption><\/figure>\n<\/div>\n<\/div>\n\n\n\n<div class=\"wp-block-group alignwide\"><div class=\"wp-block-group__inner-container is-layout-constrained wp-block-group-is-layout-constrained\">\n<div class=\"wp-block-columns is-layout-flex wp-container-core-columns-is-layout-9d6595d7 wp-block-columns-is-layout-flex\">\n<div class=\"wp-block-column is-layout-flow wp-block-column-is-layout-flow\" style=\"flex-basis:100%\">\n<div class=\"wp-block-columns is-layout-flex wp-container-core-columns-is-layout-9d6595d7 wp-block-columns-is-layout-flex\">\n<div class=\"wp-block-column is-layout-flow wp-block-column-is-layout-flow\">\n<div class=\"wp-block-buttons is-layout-flex wp-block-buttons-is-layout-flex\">\n<div class=\"wp-block-button\"><a class=\"wp-block-button__link wp-element-button\" href=\"https:\/\/www.all-inclusive.ovh\/?page_id=203\">J&rsquo;ai compris et j&rsquo;accepte de tester les outils a mes propres risques.<\/a><\/div>\n<\/div>\n<\/div>\n\n\n\n<div class=\"wp-block-column is-layout-flow wp-block-column-is-layout-flow\"><\/div>\n\n\n\n<div class=\"wp-block-column is-layout-flow wp-block-column-is-layout-flow\">\n<div class=\"wp-block-buttons is-layout-flex wp-block-buttons-is-layout-flex\">\n<div class=\"wp-block-button\"><a class=\"wp-block-button__link wp-element-button\" href=\"https:\/\/www.all-inclusive.ovh\/\">Je refuse et souhaite ne pas tester les outils, tant pis.<\/a><\/div>\n<\/div>\n<\/div>\n<\/div>\n<\/div>\n<\/div>\n<\/div><\/div>\n\n\n\n<h2 class=\"wp-block-heading\"><\/h2>\n\n\n\n<p><\/p>\n","protected":false},"excerpt":{"rendered":"<p>Sur cette page vous retrouvez les liens, des divers projets h\u00e9berg\u00e9s directement sur le site. \ud83d\udee0\ufe0f \u00c0 propos de ces outils Les ressources et outils partag\u00e9s sur ce site sont [&hellip;]<\/p>\n","protected":false},"author":2,"featured_media":0,"parent":0,"menu_order":0,"comment_status":"closed","ping_status":"closed","template":"","meta":{"footnotes":""},"class_list":["post-128","page","type-page","status-publish","hentry"],"_links":{"self":[{"href":"https:\/\/www.all-inclusive.ovh\/index.php?rest_route=\/wp\/v2\/pages\/128","targetHints":{"allow":["GET"]}}],"collection":[{"href":"https:\/\/www.all-inclusive.ovh\/index.php?rest_route=\/wp\/v2\/pages"}],"about":[{"href":"https:\/\/www.all-inclusive.ovh\/index.php?rest_route=\/wp\/v2\/types\/page"}],"author":[{"embeddable":true,"href":"https:\/\/www.all-inclusive.ovh\/index.php?rest_route=\/wp\/v2\/users\/2"}],"replies":[{"embeddable":true,"href":"https:\/\/www.all-inclusive.ovh\/index.php?rest_route=%2Fwp%2Fv2%2Fcomments&post=128"}],"version-history":[{"count":16,"href":"https:\/\/www.all-inclusive.ovh\/index.php?rest_route=\/wp\/v2\/pages\/128\/revisions"}],"predecessor-version":[{"id":213,"href":"https:\/\/www.all-inclusive.ovh\/index.php?rest_route=\/wp\/v2\/pages\/128\/revisions\/213"}],"wp:attachment":[{"href":"https:\/\/www.all-inclusive.ovh\/index.php?rest_route=%2Fwp%2Fv2%2Fmedia&parent=128"}],"curies":[{"name":"wp","href":"https:\/\/api.w.org\/{rel}","templated":true}]}}