{"id":176,"date":"2025-11-30T18:03:03","date_gmt":"2025-11-30T16:03:03","guid":{"rendered":"https:\/\/www.all-inclusive.ovh\/?page_id=176"},"modified":"2025-11-30T23:13:44","modified_gmt":"2025-11-30T21:13:44","slug":"lignage","status":"publish","type":"page","link":"https:\/\/www.all-inclusive.ovh\/?page_id=176","title":{"rendered":"Lignage"},"content":{"rendered":"\n<p>Le <strong>g\u00e9n\u00e9rateur de lignage<\/strong> ci-dessous vous permettra de g\u00e9n\u00e9rer les types de lignages ci dessous et de les <strong>personnaliser \u00e0 volont\u00e9<\/strong>, depuis l&rsquo;<strong>espacement jusqu&rsquo;\u00e0 la couleur<\/strong>, le tout avec deux grands formats de sorties <strong>PDF\/PNG<\/strong>.<br><strong>Dans les r\u00e9glages g\u00e9n\u00e9raux d\u00e9finissez votre souhait:<\/strong><br><mark style=\"background-color:rgba(0, 0, 0, 0)\" class=\"has-inline-color has-blue-color\">PDF format pleine page A5-A4-A3 et 15*21<\/mark><br>ou<br><mark style=\"background-color:rgba(0, 0, 0, 0)\" class=\"has-inline-color has-blue-color\">PNG image \u00e0 int\u00e9grer dans vos supports<\/mark>, vous n&rsquo;aurez alors plus qu&rsquo;\u00e0 importer celle-ci, dans <mark style=\"background-color:rgba(0, 0, 0, 0)\" class=\"has-inline-color has-blue-color\">Word<\/mark> ou <mark style=\"background-color:rgba(0, 0, 0, 0)\" class=\"has-inline-color has-blue-color\">Openoffice<\/mark>, \u00e0 en d\u00e9finir la taille (<em><mark style=\"background-color:rgba(0, 0, 0, 0)\" class=\"has-inline-color has-blue-color\">identique \u00e0 celle choisie lors de la g\u00e9n\u00e9ration<\/mark><\/em>) et vous pourrez <mark style=\"background-color:rgba(0, 0, 0, 0)\" class=\"has-inline-color has-blue-color\">int\u00e9grer \u00e0 vos supports<\/mark> un lignage adapt\u00e9 \u00e0 vos besoins ou \u00e0 celui de votre public.<br>Le choix des lignages disponibles est le suivant:<br><strong>Seyes<br>Gurvan<br>Quadrill\u00e9<\/strong> (1mm*1mm + une ligne forte toutes les 5 lignes pour du papier millim\u00e9tr\u00e9)<br><strong>Interligne<\/strong> simple \u00e9largi<br><strong>Rep\u00e9rage par couleur<\/strong> (terre, herbe, ciel)<br><strong>Port\u00e9es musicales<\/strong><br><strong>Nid d&rsquo;Abeille<\/strong> pour les <mark style=\"background-color:rgba(0, 0, 0, 0)\" class=\"has-inline-color has-blue-color\">chimistes qui doivent dessiner des mol\u00e9cules<\/mark>.<br>Les commentaires sont les bienvenus.<\/p>\n\n\n\n<div class=\"wp-block-all-inclusive-lignage\"><\/div>\n","protected":false},"excerpt":{"rendered":"<p>Le g\u00e9n\u00e9rateur de lignage ci-dessous vous permettra de g\u00e9n\u00e9rer les types de lignages ci dessous et de les personnaliser \u00e0 volont\u00e9, depuis l&rsquo;espacement jusqu&rsquo;\u00e0 la couleur, le tout avec deux [&hellip;]<\/p>\n","protected":false},"author":2,"featured_media":0,"parent":0,"menu_order":0,"comment_status":"open","ping_status":"closed","template":"","meta":{"footnotes":""},"class_list":["post-176","page","type-page","status-publish","hentry"],"_links":{"self":[{"href":"https:\/\/www.all-inclusive.ovh\/index.php?rest_route=\/wp\/v2\/pages\/176","targetHints":{"allow":["GET"]}}],"collection":[{"href":"https:\/\/www.all-inclusive.ovh\/index.php?rest_route=\/wp\/v2\/pages"}],"about":[{"href":"https:\/\/www.all-inclusive.ovh\/index.php?rest_route=\/wp\/v2\/types\/page"}],"author":[{"embeddable":true,"href":"https:\/\/www.all-inclusive.ovh\/index.php?rest_route=\/wp\/v2\/users\/2"}],"replies":[{"embeddable":true,"href":"https:\/\/www.all-inclusive.ovh\/index.php?rest_route=%2Fwp%2Fv2%2Fcomments&post=176"}],"version-history":[{"count":5,"href":"https:\/\/www.all-inclusive.ovh\/index.php?rest_route=\/wp\/v2\/pages\/176\/revisions"}],"predecessor-version":[{"id":185,"href":"https:\/\/www.all-inclusive.ovh\/index.php?rest_route=\/wp\/v2\/pages\/176\/revisions\/185"}],"wp:attachment":[{"href":"https:\/\/www.all-inclusive.ovh\/index.php?rest_route=%2Fwp%2Fv2%2Fmedia&parent=176"}],"curies":[{"name":"wp","href":"https:\/\/api.w.org\/{rel}","templated":true}]}}