{"id":203,"date":"2026-02-10T21:46:33","date_gmt":"2026-02-10T19:46:33","guid":{"rendered":"https:\/\/www.all-inclusive.ovh\/?page_id=203"},"modified":"2026-02-27T12:39:25","modified_gmt":"2026-02-27T10:39:25","slug":"les-projets","status":"publish","type":"page","link":"https:\/\/www.all-inclusive.ovh\/?page_id=203","title":{"rendered":"Les projets:"},"content":{"rendered":"\n<p><\/p>\n\n\n\n<h2 class=\"wp-block-heading\"><a href=\"https:\/\/www.all-inclusive.ovh\/?page_id=176\"><strong>G\u00e9n\u00e9rateur de lignage<\/strong>:<\/a><\/h2>\n\n\n\n<p>Le premier \u00e0 \u00eatre mis \u00e0 disposition ici est un <a href=\"https:\/\/www.all-inclusive.ovh\/?page_id=176\" data-type=\"page\" data-id=\"124\"><strong>g\u00e9n\u00e9rateur de lignage<\/strong><\/a>, que vous pouvez utiliser pour g\u00e9n\u00e9rer des lignages sur mesure pour vos \u00e9l\u00e8ves, vos enfants ou, les publics que vous accompagnez.<br>Vous y trouverez de quoi g\u00e9n\u00e9rer:<br>Du Seyes, du Gurvan, du Millim\u00e9tr\u00e9, des Quadrillages sur mesure, des lignes de rep\u00e9rages par couleur (ciel herbe terre), des port\u00e9es Musicales et m\u00eame un support Hexagonale pour tracer des mol\u00e9cules, le tout est personnalisable au besoin.<br>En taille comme en couleurs, vous permet de g\u00e9n\u00e9rer soit des PDFs pleine page selon le formats dont vous avez besoins, ou de petits blocs images pour les ins\u00e9rer directement dans les devoirs de vos \u00e9l\u00e8ves, vos enfants&#8230; n&rsquo;h\u00e9sitez pas \u00e0 me faire part de vos retours.<\/p>\n\n\n\n<h2 class=\"wp-block-heading\"><a href=\"https:\/\/www.all-inclusive.ovh\/?page_id=189\" data-type=\"page\" data-id=\"189\"><strong>Typifluence<\/strong>:<\/a><\/h2>\n\n\n\n<p>Le second projet mis \u00e0 disposition de la communaut\u00e9, est un outils destin\u00e9 \u00e0 tester la fluence typographique de vos enfants, patients ou m\u00eame la votre, en effet, si l&rsquo;on doit parler de police de caract\u00e8res adapt\u00e9es, autant savoir la quelle est efficace pour r\u00e9pondre aux besoins de celui pour qui nous envisageons de l&rsquo;utiliser. Donc, en suivant le lien suivant, vous arriverez sur la page de mon projet appel\u00e9 <a href=\"https:\/\/www.all-inclusive.ovh\/?page_id=189\"><strong>Typifluence<\/strong><\/a>, celui-ci fonctionne simplement, soit vous s\u00e9lectionnez un texte parmi ceux propos\u00e9, soit vous collez le votre qui sera int\u00e9gr\u00e9 \u00e0 la banque de textes propos\u00e9s, (celle-ci est en cours de construction, je vais y ajouter des extraits de textes de <strong>400 mots<\/strong> pour un ou deux ouvrages de r\u00e9f\u00e9rence du programme \u00e9ducation national pour les niveaux scolaires concern\u00e9s du Cp \u00e0 la terminale fili\u00e8res pro incluses. Dans le monde pro, vous pouvez \u00e9galement faire un test avec un texte de votre domaine et son jargon. En esp\u00e9rant que cet outil trouve son public et que les polices de caract\u00e8res adapt\u00e9es se d\u00e9mocratisent afin d&rsquo;accompagner tous ceux qui en ont besoin.<\/p>\n\n\n\n<h2 class=\"wp-block-heading\"><a href=\"https:\/\/1drv.ms\/u\/c\/ed59d7d23189537b\/IQCvnrvJUDpWQo23ehU2UYGRAarl1E2VCr5Nrs5dRgmXIbk?e=Fjt0Gr\"><strong>All-Inclusive Arborescence Maker<\/strong>:<\/a><\/h2>\n\n\n\n<p>Une arborescence de fichiers bien rang\u00e9e sur la cl\u00e9 USB ou l&rsquo;ordinateur adapt\u00e9 de votre enfant pour simplifier la gestion des fichiers entre vous et le ou les enseignants, avec <strong><a href=\"https:\/\/onedrive.live.com\/?redeem=aHR0cHM6Ly8xZHJ2Lm1zL3UvYy9lZDU5ZDdkMjMxODk1MzdiL0lRQ3ZucnZKVURwV1FvMjNlaFUyVVlHUkFhcmwxRTJWQ3I1TnJzNWRSZ21YSWJrP2U9Q2o0Uk9k&amp;cid=ED59D7D23189537B&amp;id=ED59D7D23189537B%21sc9bb9eaf3a5042568db77a1536518191&amp;parId=ED59D7D23189537B%2182280&amp;o=OneUp\">All-Inclusive Arborescence Maker<\/a><\/strong>, c&rsquo;est fait en quelques clics. Ce petit ex\u00e9cutable vous proposera de d\u00e9ployer une arborescence toute pr\u00eate pour que vous, votre enfant et les autres personnes qui encadrent sa scolarit\u00e9 sachiez exactement ou va quel fichiers et cela de fa\u00e7on clair et pratique.<\/p>\n\n\n\n<p><\/p>\n","protected":false},"excerpt":{"rendered":"<p>G\u00e9n\u00e9rateur de lignage: Le premier \u00e0 \u00eatre mis \u00e0 disposition ici est un g\u00e9n\u00e9rateur de lignage, que vous pouvez utiliser pour g\u00e9n\u00e9rer des lignages sur mesure pour vos \u00e9l\u00e8ves, vos [&hellip;]<\/p>\n","protected":false},"author":2,"featured_media":0,"parent":0,"menu_order":0,"comment_status":"closed","ping_status":"closed","template":"","meta":{"footnotes":""},"class_list":["post-203","page","type-page","status-publish","hentry"],"_links":{"self":[{"href":"https:\/\/www.all-inclusive.ovh\/index.php?rest_route=\/wp\/v2\/pages\/203","targetHints":{"allow":["GET"]}}],"collection":[{"href":"https:\/\/www.all-inclusive.ovh\/index.php?rest_route=\/wp\/v2\/pages"}],"about":[{"href":"https:\/\/www.all-inclusive.ovh\/index.php?rest_route=\/wp\/v2\/types\/page"}],"author":[{"embeddable":true,"href":"https:\/\/www.all-inclusive.ovh\/index.php?rest_route=\/wp\/v2\/users\/2"}],"replies":[{"embeddable":true,"href":"https:\/\/www.all-inclusive.ovh\/index.php?rest_route=%2Fwp%2Fv2%2Fcomments&post=203"}],"version-history":[{"count":5,"href":"https:\/\/www.all-inclusive.ovh\/index.php?rest_route=\/wp\/v2\/pages\/203\/revisions"}],"predecessor-version":[{"id":218,"href":"https:\/\/www.all-inclusive.ovh\/index.php?rest_route=\/wp\/v2\/pages\/203\/revisions\/218"}],"wp:attachment":[{"href":"https:\/\/www.all-inclusive.ovh\/index.php?rest_route=%2Fwp%2Fv2%2Fmedia&parent=203"}],"curies":[{"name":"wp","href":"https:\/\/api.w.org\/{rel}","templated":true}]}}