{"id":79,"date":"2025-10-21T16:49:25","date_gmt":"2025-10-21T14:49:25","guid":{"rendered":"https:\/\/www.all-inclusive.ovh\/?page_id=79"},"modified":"2025-11-30T16:15:48","modified_gmt":"2025-11-30T14:15:48","slug":"bienvenue","status":"publish","type":"page","link":"https:\/\/www.all-inclusive.ovh\/","title":{"rendered":"Accueil"},"content":{"rendered":"\n<p><\/p>\n\n\n\n<div class=\"wp-block-columns is-layout-flex wp-container-core-columns-is-layout-9d6595d7 wp-block-columns-is-layout-flex\">\n<div class=\"wp-block-column is-layout-flow wp-block-column-is-layout-flow\" style=\"flex-basis:66.66%\">\n<h2 class=\"wp-block-heading has-background\" style=\"background:linear-gradient(82deg,rgba(252,185,0,0.23) 0%,rgba(255,106,0,0.23) 100%);font-size:30px\"><strong>Pour qui? Pourquoi?<\/strong><\/h2>\n\n\n\n<p class=\"has-text-align-left has-black-color has-text-color has-background has-link-color wp-elements-5ce9d02dbfc56c020969d345f2076a22\" style=\"background:linear-gradient(135deg,rgba(252,185,0,0.23) 0%,rgba(255,106,0,0.23) 97%)\"><strong>Au moment ou je lance ce projet, nous sommes en octobre 2025, la loi handicap f\u00eate ses&nbsp;<a href=\"https:\/\/www.legifrance.gouv.fr\/jorf\/id\/JORFTEXT000000809647\"><em>20 ans<\/em>.<\/a><\/strong><\/p>\n\n\n\n<p class=\"has-black-color has-text-color has-background has-link-color wp-elements-176fd86311f1b8a3b361e3d6bc40fe3c\" style=\"background:linear-gradient(135deg,rgba(252,185,0,0.23) 0%,rgba(255,106,0,0.23) 97%)\"><strong>Depuis plus de 10 ans maintenant j\u2019accompagne des familles et de jeunes adultes dans le combat quotidien qu\u2019est celui d\u2019\u00eatre diff\u00e9rent, diff\u00e9rent, non pas par choix mais, parce que la vie \u00e0 choisi pour eux, qu\u2019ils porteraient cette diff\u00e9rence. Et, il faut bien l\u2019avouer, en 2025, certaines diff\u00e9rences sont mieux comprises que d\u2019autres.<\/strong><\/p>\n\n\n\n<p class=\"has-black-color has-text-color has-background has-link-color wp-elements-3cc1363763608e06f498e66111251ed1\" style=\"background:linear-gradient(135deg,rgba(252,185,0,0.23) 0%,rgba(255,106,0,0.23) 97%)\"><strong>En effet, personne ne rencontre de difficult\u00e9 \u00e0 imaginer ce qu\u2019est la vie en fauteuil roulant, ou combien il doit \u00eatre difficile d\u2019\u00eatre non voyant. Mais, qu\u2019en est-il pour les autres handicaps, ceux que l\u2019ont ne croise que tr\u00e8s rarement dans le quotidien, ou ceux dits invisibles et que l\u2019ont ne comprend pas toujours.<\/strong><\/p>\n\n\n\n<p class=\"has-black-color has-text-color has-background has-link-color wp-elements-54176f0cf700c960c5bbecc5b7bce89a\" style=\"background:linear-gradient(135deg,rgba(252,185,0,0.23) 0%,rgba(255,106,0,0.23) 97%)\"><strong>Notre soci\u00e9t\u00e9 se veut de plus en plus inclusive et c\u2019est tant mieux, sur le papier tout du moins. Oui, de grands progr\u00e8s ont eu lieu, mais il en reste \u00e9norm\u00e9ment \u00e0 obtenir.<\/strong><\/p>\n\n\n\n<p class=\"has-black-color has-text-color has-background has-link-color wp-elements-6c6bb7290c88e14e500f7bb1bcce0820\" style=\"background:linear-gradient(135deg,rgba(252,185,0,0.23) 0%,rgba(255,106,0,0.23) 97%)\"><strong>Alors pour faciliter l\u2019acc\u00e8s \u00e0 ces progr\u00e8s, pour apporter ma modeste pierre \u00e0 l\u2019\u00e9difice, en m\u2019appuyant sur ce que je maitrise le mieux, les nouvelles technologies, j\u2019ai donc lanc\u00e9 ce projet All-Inclusive.<\/strong><\/p>\n\n\n\n<p class=\"has-black-color has-text-color has-background has-link-color wp-elements-724d3d07d627172dd01646b8f904c838\" style=\"background:linear-gradient(135deg,rgba(252,185,0,0.23) 0%,rgba(255,106,0,0.23) 97%)\"><strong>Que ce soit du cot\u00e9 de l\u2019intelligence artificielle, de l\u2019impression 3d ou de l\u2019internet des objets, il existe de nombreuses solutions qui, d\u00e9tourn\u00e9es ou repens\u00e9es peuvent accompagner dans leurs quotidien des personnes incluses ou \u00e0 inclure\u2026<\/strong><\/p>\n\n\n\n<p class=\"has-black-color has-text-color has-background has-link-color wp-elements-61abc4cf30816f40f56f79c87777ab12\" style=\"background:linear-gradient(135deg,rgba(252,185,0,0.23) 0%,rgba(255,106,0,0.23) 97%)\"><strong>Et c\u2019est quoi exactement l\u2019inclusion dont on parle?<\/strong><\/p>\n\n\n\n<p class=\"has-black-color has-text-color has-background has-link-color wp-elements-f46be9e64dfc174d63b9a23b5ffb9d13\" style=\"background:linear-gradient(135deg,rgba(252,185,0,0.23) 0%,rgba(255,106,0,0.23) 97%)\"><strong>L\u2019inclusion telle que je la con\u00e7ois est calqu\u00e9e sur celle de notre mod\u00e8le scolaire, elle regroupe donc l\u2019ensemble des publics suivants:<\/strong><\/p>\n\n\n\n<ul class=\"wp-block-list\">\n<li class=\"has-black-color has-text-color has-background has-link-color wp-elements-ebe1c9563fdbeafed6c8541da453c7c0\" style=\"background:linear-gradient(135deg,rgba(252,185,0,0.23) 0%,rgba(255,106,0,0.23) 97%)\"><strong>Les personnes adultes ou enfants en situation de handicap visible ou non.<\/strong><\/li>\n\n\n\n<li class=\"has-black-color has-text-color has-background has-link-color wp-elements-c517f77fe4b003aaf259641b40f7b40a\" style=\"background:linear-gradient(135deg,rgba(252,185,0,0.23) 0%,rgba(255,106,0,0.23) 97%)\"><strong>Les porteurs de troubles neuro d\u00e9veloppementaux, cat\u00e9gorisation r\u00e9cente de ce que l\u2019ont appelait il y peu de temp encore les DYS, auxquels s\u2019ajoutent les troubles de l\u2019attention avec ou sans hyperactivit\u00e9 et les porteurs d\u2019un trouble du spectre autistique.<\/strong><\/li>\n\n\n\n<li class=\"has-black-color has-text-color has-background has-link-color wp-elements-be7dcab62533dc2e68e6d8ca665b1459\" style=\"background:linear-gradient(135deg,rgba(252,185,0,0.23) 0%,rgba(255,106,0,0.23) 97%)\"><strong>Les familles allophones.<\/strong><\/li>\n\n\n\n<li class=\"has-black-color has-text-color has-background has-link-color wp-elements-f86863086bf09b4a76eab64e6d2a9150\" style=\"background:linear-gradient(135deg,rgba(252,185,0,0.23) 0%,rgba(255,106,0,0.23) 97%)\"><strong>Et l\u2019ensemble des personnes rencontrant une difficult\u00e9 due \u00e0 une divergence neuro ou physique, que celle-ci les fassent entrer ou non dans le champ du handicap.<\/strong><\/li>\n<\/ul>\n\n\n\n<p class=\"has-black-color has-text-color has-background has-link-color wp-elements-a9d14973e1b193931e8ca7fb8518f526\" style=\"background:linear-gradient(135deg,rgba(252,185,0,0.23) 0%,rgba(255,106,0,0.23) 97%)\"><strong>Et donc c\u2019est pour qui? Et \u00e7a marche comment?<\/strong><\/p>\n\n\n\n<p class=\"has-black-color has-text-color has-background has-link-color wp-elements-02acffde00918e80e44dfb1536012bf6\" style=\"background:linear-gradient(135deg,rgba(252,185,0,0.23) 0%,rgba(255,106,0,0.23) 97%)\"><strong>C\u2019est pour tous, que vous soyez en situation de handicap ou un aidant, que vous soyez allophones ou que vous soyez l\u2019accompagnateur d\u2019une personne concern\u00e9e, que vous soyez un particulier ou un structure d\u2019accueil, vous \u00eates les bienvenus, avec vos questions, vos besoins, vos d\u00e9fis.<\/strong><\/p>\n\n\n\n<p class=\"has-black-color has-text-color has-background has-link-color wp-elements-9fd1f64b1db8ec2bf479096e34821a8b\" style=\"background:linear-gradient(135deg,rgba(252,185,0,0.23) 0%,rgba(255,106,0,0.23) 97%)\"><strong>Le tout dans un mod\u00e8le \u00e9conomique social et solidaire.<\/strong><\/p>\n\n\n\n<div class=\"wp-block-columns is-layout-flex wp-container-core-columns-is-layout-9d6595d7 wp-block-columns-is-layout-flex\">\n<div class=\"wp-block-column is-layout-flow wp-block-column-is-layout-flow\" style=\"flex-basis:100%\">\n<div class=\"wp-block-group is-nowrap is-layout-flex wp-container-core-group-is-layout-ad2f72ca wp-block-group-is-layout-flex\">\n<p class=\"has-black-color has-text-color has-background has-link-color wp-elements-6b3669dd18837f457a81e149751a5911\" style=\"background:linear-gradient(135deg,rgba(252,185,0,0.23) 0%,rgba(255,106,0,0.23) 97%)\"><strong>Bruno Ecard                                                             <\/strong><\/p>\n\n\n\n<figure class=\"wp-block-image is-resized\"><img loading=\"lazy\" decoding=\"async\" width=\"400\" height=\"400\" src=\"https:\/\/www.all-inclusive.ovh\/wp-content\/uploads\/2025\/10\/AvatarMaker-3.png\" alt=\"\" class=\"wp-image-40\" style=\"width:130px;height:auto\" srcset=\"https:\/\/www.all-inclusive.ovh\/wp-content\/uploads\/2025\/10\/AvatarMaker-3.png 400w, https:\/\/www.all-inclusive.ovh\/wp-content\/uploads\/2025\/10\/AvatarMaker-3-300x300.png 300w, https:\/\/www.all-inclusive.ovh\/wp-content\/uploads\/2025\/10\/AvatarMaker-3-150x150.png 150w\" sizes=\"auto, (max-width: 400px) 100vw, 400px\" \/><\/figure>\n<\/div>\n<\/div>\n<\/div>\n<\/div>\n\n\n\n<div class=\"wp-block-column is-layout-flow wp-block-column-is-layout-flow\" style=\"flex-basis:33.33%\">\n<div class=\"wp-block-group is-layout-grid wp-container-core-group-is-layout-9649a0d9 wp-block-group-is-layout-grid\">\n<figure class=\"wp-block-image size-full\"><img loading=\"lazy\" decoding=\"async\" width=\"500\" height=\"500\" src=\"https:\/\/www.all-inclusive.ovh\/wp-content\/uploads\/2025\/10\/accompagner.png\" alt=\"\" class=\"wp-image-98\" srcset=\"https:\/\/www.all-inclusive.ovh\/wp-content\/uploads\/2025\/10\/accompagner.png 500w, https:\/\/www.all-inclusive.ovh\/wp-content\/uploads\/2025\/10\/accompagner-300x300.png 300w, https:\/\/www.all-inclusive.ovh\/wp-content\/uploads\/2025\/10\/accompagner-150x150.png 150w\" sizes=\"auto, (max-width: 500px) 100vw, 500px\" \/><\/figure>\n\n\n\n<figure class=\"wp-block-image size-full\"><img loading=\"lazy\" decoding=\"async\" width=\"500\" height=\"500\" src=\"https:\/\/www.all-inclusive.ovh\/wp-content\/uploads\/2025\/10\/personnes-en-situation-de-handicap.png\" alt=\"\" class=\"wp-image-96\" srcset=\"https:\/\/www.all-inclusive.ovh\/wp-content\/uploads\/2025\/10\/personnes-en-situation-de-handicap.png 500w, https:\/\/www.all-inclusive.ovh\/wp-content\/uploads\/2025\/10\/personnes-en-situation-de-handicap-300x300.png 300w, https:\/\/www.all-inclusive.ovh\/wp-content\/uploads\/2025\/10\/personnes-en-situation-de-handicap-150x150.png 150w\" sizes=\"auto, (max-width: 500px) 100vw, 500px\" \/><\/figure>\n\n\n\n<figure class=\"wp-block-image size-full\"><img loading=\"lazy\" decoding=\"async\" width=\"500\" height=\"500\" src=\"https:\/\/www.all-inclusive.ovh\/wp-content\/uploads\/2025\/10\/invisible.png\" alt=\"\" class=\"wp-image-97\" srcset=\"https:\/\/www.all-inclusive.ovh\/wp-content\/uploads\/2025\/10\/invisible.png 500w, https:\/\/www.all-inclusive.ovh\/wp-content\/uploads\/2025\/10\/invisible-300x300.png 300w, https:\/\/www.all-inclusive.ovh\/wp-content\/uploads\/2025\/10\/invisible-150x150.png 150w\" sizes=\"auto, (max-width: 500px) 100vw, 500px\" \/><\/figure>\n\n\n\n<figure class=\"wp-block-image size-full\"><img loading=\"lazy\" decoding=\"async\" width=\"500\" height=\"500\" src=\"https:\/\/www.all-inclusive.ovh\/wp-content\/uploads\/2025\/10\/imprimante-3D.png\" alt=\"\" class=\"wp-image-94\" srcset=\"https:\/\/www.all-inclusive.ovh\/wp-content\/uploads\/2025\/10\/imprimante-3D.png 500w, https:\/\/www.all-inclusive.ovh\/wp-content\/uploads\/2025\/10\/imprimante-3D-300x300.png 300w, https:\/\/www.all-inclusive.ovh\/wp-content\/uploads\/2025\/10\/imprimante-3D-150x150.png 150w\" sizes=\"auto, (max-width: 500px) 100vw, 500px\" \/><\/figure>\n\n\n\n<figure class=\"wp-block-image size-full\"><img loading=\"lazy\" decoding=\"async\" width=\"500\" height=\"500\" src=\"https:\/\/www.all-inclusive.ovh\/wp-content\/uploads\/2025\/10\/design-universel.png\" alt=\"\" class=\"wp-image-92\" srcset=\"https:\/\/www.all-inclusive.ovh\/wp-content\/uploads\/2025\/10\/design-universel.png 500w, https:\/\/www.all-inclusive.ovh\/wp-content\/uploads\/2025\/10\/design-universel-300x300.png 300w, https:\/\/www.all-inclusive.ovh\/wp-content\/uploads\/2025\/10\/design-universel-150x150.png 150w\" sizes=\"auto, (max-width: 500px) 100vw, 500px\" \/><\/figure>\n\n\n\n<figure class=\"wp-block-image size-full\"><img loading=\"lazy\" decoding=\"async\" width=\"500\" height=\"500\" src=\"https:\/\/www.all-inclusive.ovh\/wp-content\/uploads\/2025\/10\/formateur-en-inclusion.png\" alt=\"\" class=\"wp-image-95\" srcset=\"https:\/\/www.all-inclusive.ovh\/wp-content\/uploads\/2025\/10\/formateur-en-inclusion.png 500w, https:\/\/www.all-inclusive.ovh\/wp-content\/uploads\/2025\/10\/formateur-en-inclusion-300x300.png 300w, https:\/\/www.all-inclusive.ovh\/wp-content\/uploads\/2025\/10\/formateur-en-inclusion-150x150.png 150w\" sizes=\"auto, (max-width: 500px) 100vw, 500px\" \/><\/figure>\n\n\n\n<figure class=\"wp-block-image size-full\"><img loading=\"lazy\" decoding=\"async\" width=\"500\" height=\"500\" src=\"https:\/\/www.all-inclusive.ovh\/wp-content\/uploads\/2025\/10\/aidant.png\" alt=\"\" class=\"wp-image-101\" srcset=\"https:\/\/www.all-inclusive.ovh\/wp-content\/uploads\/2025\/10\/aidant.png 500w, https:\/\/www.all-inclusive.ovh\/wp-content\/uploads\/2025\/10\/aidant-300x300.png 300w, https:\/\/www.all-inclusive.ovh\/wp-content\/uploads\/2025\/10\/aidant-150x150.png 150w\" sizes=\"auto, (max-width: 500px) 100vw, 500px\" \/><\/figure>\n<\/div>\n<\/div>\n<\/div>\n\n\n\n<div class=\"wp-block-columns is-layout-flex wp-container-core-columns-is-layout-9d6595d7 wp-block-columns-is-layout-flex\">\n<div class=\"wp-block-column is-layout-flow wp-block-column-is-layout-flow\">\n<ul class=\"wp-block-list\">\n<li>Les projets en du site<\/li>\n<\/ul>\n<\/div>\n\n\n\n<div class=\"wp-block-column is-layout-flow wp-block-column-is-layout-flow\"><\/div>\n\n\n\n<div class=\"wp-block-column is-layout-flow wp-block-column-is-layout-flow\"><\/div>\n<\/div>\n\n\n\n<div class=\"wp-block-group alignfull has-contrast-color has-text-color is-vertical is-content-justification-center is-layout-flex wp-container-core-group-is-layout-f1198d31 wp-block-group-is-layout-flex\" style=\"min-height:40vh;margin-top:0;margin-bottom:0;padding-top:var(--wp--preset--spacing--60);padding-right:var(--wp--preset--spacing--50);padding-bottom:var(--wp--preset--spacing--60);padding-left:var(--wp--preset--spacing--50)\"><div style=\"margin-bottom:6px;\" class=\"is-default-size aligncenter wp-block-site-logo\"><a href=\"https:\/\/www.all-inclusive.ovh\/\" class=\"custom-logo-link\" rel=\"home\"><img loading=\"lazy\" decoding=\"async\" width=\"512\" height=\"512\" src=\"https:\/\/www.all-inclusive.ovh\/wp-content\/uploads\/2025\/10\/cropped-cropped-All_Inclusive-1.png\" class=\"custom-logo\" alt=\"All-Inclusive\" srcset=\"https:\/\/www.all-inclusive.ovh\/wp-content\/uploads\/2025\/10\/cropped-cropped-All_Inclusive-1.png 512w, https:\/\/www.all-inclusive.ovh\/wp-content\/uploads\/2025\/10\/cropped-cropped-All_Inclusive-1-300x300.png 300w, https:\/\/www.all-inclusive.ovh\/wp-content\/uploads\/2025\/10\/cropped-cropped-All_Inclusive-1-150x150.png 150w\" sizes=\"auto, (max-width: 512px) 100vw, 512px\" \/><\/a><\/div>\n\n\n<p class=\"has-text-align-center has-medium-font-size\"><a href=\"https:\/\/wordpress.org\">WordPress<\/a><\/p>\n\n\n\n<ul class=\"wp-block-social-links has-normal-icon-size is-style-logos-only is-nowrap is-layout-flex wp-container-core-social-links-is-layout-53bee8aa wp-block-social-links-is-layout-flex\"><li class=\"wp-social-link wp-social-link-facebook  wp-block-social-link\"><a href=\"https:\/\/www.facebook.com\/bruno.ecard.5\/\" class=\"wp-block-social-link-anchor\"><svg width=\"24\" height=\"24\" viewBox=\"0 0 24 24\" version=\"1.1\" xmlns=\"http:\/\/www.w3.org\/2000\/svg\" aria-hidden=\"true\" focusable=\"false\"><path d=\"M12 2C6.5 2 2 6.5 2 12c0 5 3.7 9.1 8.4 9.9v-7H7.9V12h2.5V9.8c0-2.5 1.5-3.9 3.8-3.9 1.1 0 2.2.2 2.2.2v2.5h-1.3c-1.2 0-1.6.8-1.6 1.6V12h2.8l-.4 2.9h-2.3v7C18.3 21.1 22 17 22 12c0-5.5-4.5-10-10-10z\"><\/path><\/svg><span class=\"wp-block-social-link-label screen-reader-text\">Facebook<\/span><\/a><\/li>\n\n<li class=\"wp-social-link wp-social-link-mastodon  wp-block-social-link\"><a href=\"https:\/\/mastodon.social\/@bruno_ecard\" class=\"wp-block-social-link-anchor\"><svg width=\"24\" height=\"24\" viewBox=\"0 0 24 24\" version=\"1.1\" xmlns=\"http:\/\/www.w3.org\/2000\/svg\" aria-hidden=\"true\" focusable=\"false\"><path d=\"M23.193 7.879c0-5.206-3.411-6.732-3.411-6.732C18.062.357 15.108.025 12.041 0h-.076c-3.068.025-6.02.357-7.74 1.147 0 0-3.411 1.526-3.411 6.732 0 1.192-.023 2.618.015 4.129.124 5.092.934 10.109 5.641 11.355 2.17.574 4.034.695 5.535.612 2.722-.15 4.25-.972 4.25-.972l-.09-1.975s-1.945.613-4.129.539c-2.165-.074-4.449-.233-4.799-2.891a5.499 5.499 0 0 1-.048-.745s2.125.52 4.817.643c1.646.075 3.19-.097 4.758-.283 3.007-.359 5.625-2.212 5.954-3.905.517-2.665.475-6.507.475-6.507zm-4.024 6.709h-2.497V8.469c0-1.29-.543-1.944-1.628-1.944-1.2 0-1.802.776-1.802 2.312v3.349h-2.483v-3.35c0-1.536-.602-2.312-1.802-2.312-1.085 0-1.628.655-1.628 1.944v6.119H4.832V8.284c0-1.289.328-2.313.987-3.07.68-.758 1.569-1.146 2.674-1.146 1.278 0 2.246.491 2.886 1.474L12 6.585l.622-1.043c.64-.983 1.608-1.474 2.886-1.474 1.104 0 1.994.388 2.674 1.146.658.757.986 1.781.986 3.07v6.304z\"\/><\/svg><span class=\"wp-block-social-link-label screen-reader-text\">Mastodon<\/span><\/a><\/li>\n\n<li class=\"wp-social-link wp-social-link-linkedin  wp-block-social-link\"><a href=\"https:\/\/www.linkedin.com\/in\/bruno-ecard-807175119\" class=\"wp-block-social-link-anchor\"><svg width=\"24\" height=\"24\" viewBox=\"0 0 24 24\" version=\"1.1\" xmlns=\"http:\/\/www.w3.org\/2000\/svg\" aria-hidden=\"true\" focusable=\"false\"><path d=\"M19.7,3H4.3C3.582,3,3,3.582,3,4.3v15.4C3,20.418,3.582,21,4.3,21h15.4c0.718,0,1.3-0.582,1.3-1.3V4.3 C21,3.582,20.418,3,19.7,3z M8.339,18.338H5.667v-8.59h2.672V18.338z M7.004,8.574c-0.857,0-1.549-0.694-1.549-1.548 c0-0.855,0.691-1.548,1.549-1.548c0.854,0,1.547,0.694,1.547,1.548C8.551,7.881,7.858,8.574,7.004,8.574z M18.339,18.338h-2.669 v-4.177c0-0.996-0.017-2.278-1.387-2.278c-1.389,0-1.601,1.086-1.601,2.206v4.249h-2.667v-8.59h2.559v1.174h0.037 c0.356-0.675,1.227-1.387,2.526-1.387c2.703,0,3.203,1.779,3.203,4.092V18.338z\"><\/path><\/svg><span class=\"wp-block-social-link-label screen-reader-text\">LinkedIn<\/span><\/a><\/li>\n\n<li class=\"wp-social-link wp-social-link-gravatar  wp-block-social-link\"><a href=\"https:\/\/gravatar.com\/insightfuldonut7dd8497e53\" class=\"wp-block-social-link-anchor\"><svg width=\"24\" height=\"24\" viewBox=\"0 0 24 24\" version=\"1.1\" xmlns=\"http:\/\/www.w3.org\/2000\/svg\" aria-hidden=\"true\" focusable=\"false\"><path d=\"M10.8001 4.69937V10.6494C10.8001 11.1001 10.9791 11.5323 11.2978 11.851C11.6165 12.1697 12.0487 12.3487 12.4994 12.3487C12.9501 12.3487 13.3824 12.1697 13.7011 11.851C14.0198 11.5323 14.1988 11.1001 14.1988 10.6494V6.69089C15.2418 7.05861 16.1371 7.75537 16.7496 8.67617C17.3622 9.59698 17.6589 10.6919 17.595 11.796C17.5311 12.9001 17.1101 13.9535 16.3954 14.7975C15.6807 15.6415 14.711 16.2303 13.6325 16.4753C12.5541 16.7202 11.4252 16.608 10.4161 16.1555C9.40691 15.703 8.57217 14.9348 8.03763 13.9667C7.50308 12.9985 7.29769 11.8828 7.45242 10.7877C7.60714 9.69266 8.11359 8.67755 8.89545 7.89537C9.20904 7.57521 9.38364 7.14426 9.38132 6.69611C9.37899 6.24797 9.19994 5.81884 8.88305 5.50195C8.56616 5.18506 8.13704 5.00601 7.68889 5.00369C7.24075 5.00137 6.80979 5.17597 6.48964 5.48956C5.09907 6.8801 4.23369 8.7098 4.04094 10.6669C3.84819 12.624 4.34 14.5873 5.43257 16.2224C6.52515 17.8575 8.15088 19.0632 10.0328 19.634C11.9146 20.2049 13.9362 20.1055 15.753 19.3529C17.5699 18.6003 19.0695 17.241 19.9965 15.5066C20.9234 13.7722 21.2203 11.7701 20.8366 9.84133C20.4528 7.91259 19.4122 6.17658 17.892 4.92911C16.3717 3.68163 14.466 2.99987 12.4994 3C12.0487 3 11.6165 3.17904 11.2978 3.49773C10.9791 3.81643 10.8001 4.24867 10.8001 4.69937Z\" \/><\/svg><span class=\"wp-block-social-link-label screen-reader-text\">Gravatar<\/span><\/a><\/li><\/ul>\n<\/div>\n\n\n\n<p><\/p>\n","protected":false},"excerpt":{"rendered":"<p>Pour qui? Pourquoi? Au moment ou je lance ce projet, nous sommes en octobre 2025, la loi handicap f\u00eate ses&nbsp;20 ans. Depuis plus de 10 ans maintenant j\u2019accompagne des familles [&hellip;]<\/p>\n","protected":false},"author":2,"featured_media":0,"parent":0,"menu_order":0,"comment_status":"closed","ping_status":"closed","template":"","meta":{"footnotes":""},"class_list":["post-79","page","type-page","status-publish","hentry"],"_links":{"self":[{"href":"https:\/\/www.all-inclusive.ovh\/index.php?rest_route=\/wp\/v2\/pages\/79","targetHints":{"allow":["GET"]}}],"collection":[{"href":"https:\/\/www.all-inclusive.ovh\/index.php?rest_route=\/wp\/v2\/pages"}],"about":[{"href":"https:\/\/www.all-inclusive.ovh\/index.php?rest_route=\/wp\/v2\/types\/page"}],"author":[{"embeddable":true,"href":"https:\/\/www.all-inclusive.ovh\/index.php?rest_route=\/wp\/v2\/users\/2"}],"replies":[{"embeddable":true,"href":"https:\/\/www.all-inclusive.ovh\/index.php?rest_route=%2Fwp%2Fv2%2Fcomments&post=79"}],"version-history":[{"count":14,"href":"https:\/\/www.all-inclusive.ovh\/index.php?rest_route=\/wp\/v2\/pages\/79\/revisions"}],"predecessor-version":[{"id":146,"href":"https:\/\/www.all-inclusive.ovh\/index.php?rest_route=\/wp\/v2\/pages\/79\/revisions\/146"}],"wp:attachment":[{"href":"https:\/\/www.all-inclusive.ovh\/index.php?rest_route=%2Fwp%2Fv2%2Fmedia&parent=79"}],"curies":[{"name":"wp","href":"https:\/\/api.w.org\/{rel}","templated":true}]}}